{"id":300,"date":"2012-02-03T16:49:44","date_gmt":"2012-02-03T19:49:44","guid":{"rendered":"http:\/\/www.tech-nico.com\/blog\/?page_id=300"},"modified":"2012-02-03T19:23:57","modified_gmt":"2012-02-03T22:23:57","slug":"contacto","status":"publish","type":"page","link":"http:\/\/www.tech-nico.com\/blog\/contacto\/","title":{"rendered":"Contacto"},"content":{"rendered":"<div id=\"advads-4242810419\" class=\"advads-antes-de-contenido advads-entity-placement\" style=\"float: left;\"><script async src=\"\/\/pagead2.googlesyndication.com\/pagead\/js\/adsbygoogle.js?client=ca-pub-0513087877342686\" crossorigin=\"anonymous\"><\/script><ins class=\"adsbygoogle\" style=\"display:block; text-align:center;\" data-ad-client=\"ca-pub-0513087877342686\" \ndata-ad-slot=\"6331524197\" \ndata-ad-layout=\"in-article\"\ndata-ad-format=\"fluid\"><\/ins>\n<script> \n(adsbygoogle = window.adsbygoogle || []).push({}); \n<\/script>\n<\/div><br style=\"clear: both; display: block; float: none;\"\/>\n<div class=\"wpcf7 no-js\" id=\"wpcf7-f302-o1\" lang=\"en-US\" dir=\"ltr\" data-wpcf7-id=\"302\">\n<div class=\"screen-reader-response\"><p role=\"status\" aria-live=\"polite\" aria-atomic=\"true\"><\/p> <ul><\/ul><\/div>\n<form action=\"\/blog\/wp-json\/wp\/v2\/pages\/300#wpcf7-f302-o1\" method=\"post\" class=\"wpcf7-form init\" aria-label=\"Contact form\" novalidate=\"novalidate\" data-status=\"init\">\n<fieldset class=\"hidden-fields-container\"><input type=\"hidden\" name=\"_wpcf7\" value=\"302\" \/><input type=\"hidden\" name=\"_wpcf7_version\" value=\"6.1.5\" \/><input type=\"hidden\" name=\"_wpcf7_locale\" value=\"en_US\" \/><input type=\"hidden\" name=\"_wpcf7_unit_tag\" value=\"wpcf7-f302-o1\" \/><input type=\"hidden\" name=\"_wpcf7_container_post\" value=\"0\" \/><input type=\"hidden\" name=\"_wpcf7_posted_data_hash\" value=\"\" \/>\n<\/fieldset>\n<p>Tu nombre (requerido)\n<\/p><div id=\"advads-3142983595\" class=\"advads-contenido-de-la-entrada advads-entity-placement\"><script async src=\"\/\/pagead2.googlesyndication.com\/pagead\/js\/adsbygoogle.js?client=ca-pub-0513087877342686\" crossorigin=\"anonymous\"><\/script><ins class=\"adsbygoogle\" style=\"display:block; text-align:center;\" data-ad-client=\"ca-pub-0513087877342686\" \ndata-ad-slot=\"6331524197\" \ndata-ad-layout=\"in-article\"\ndata-ad-format=\"fluid\"><\/ins>\n<script> \n(adsbygoogle = window.adsbygoogle || []).push({}); \n<\/script>\n<\/div>\n<p><span class=\"wpcf7-form-control-wrap\" data-name=\"text-619\"><input size=\"40\" maxlength=\"400\" class=\"wpcf7-form-control wpcf7-text wpcf7-validates-as-required\" aria-required=\"true\" aria-invalid=\"false\" value=\"\" type=\"text\" name=\"text-619\" \/><\/span>\n<\/p>\n<p>Tu Email (requerido)\n<\/p>\n<p><span class=\"wpcf7-form-control-wrap\" data-name=\"email-622\"><input size=\"40\" maxlength=\"400\" class=\"wpcf7-form-control wpcf7-email wpcf7-validates-as-required wpcf7-text wpcf7-validates-as-email\" aria-required=\"true\" aria-invalid=\"false\" value=\"\" type=\"email\" name=\"email-622\" \/><\/span>\n<\/p>\n<p>Asunto\n<\/p>\n<p><span class=\"wpcf7-form-control-wrap\" data-name=\"your-subject\"><input size=\"40\" maxlength=\"400\" class=\"wpcf7-form-control wpcf7-text wpcf7-validates-as-required\" aria-required=\"true\" aria-invalid=\"false\" value=\"\" type=\"text\" name=\"your-subject\" \/><\/span>\n<\/p>\n<p>Tu Telefono\n<\/p>\n<p><span class=\"wpcf7-form-control-wrap\" data-name=\"tel-916\"><input size=\"40\" maxlength=\"400\" class=\"wpcf7-form-control wpcf7-tel wpcf7-text wpcf7-validates-as-tel\" aria-invalid=\"false\" value=\"\" type=\"tel\" name=\"tel-916\" \/><\/span>\n<\/p>\n<p>Tu Mensaje\n<\/p>\n<p><span class=\"wpcf7-form-control-wrap\" data-name=\"your-message\"><textarea cols=\"40\" rows=\"10\" maxlength=\"2000\" class=\"wpcf7-form-control wpcf7-textarea\" aria-invalid=\"false\" name=\"your-message\"><\/textarea><\/span>\n<\/p>\n<p>Tu Mensaje\n<\/p>\n<p><span class=\"wpcf7-form-control-wrap\" data-name=\"quiz-91\"><label><span class=\"wpcf7-quiz-label\">5-1=?<\/span> <input size=\"40\" class=\"wpcf7-form-control wpcf7-quiz\" autocomplete=\"off\" aria-required=\"true\" aria-invalid=\"false\" type=\"text\" name=\"quiz-91\" \/><\/label><input type=\"hidden\" name=\"_wpcf7_quiz_answer_quiz-91\" value=\"8469d15ed2fbc7c2b807628fa5d78161\" \/><\/span>\n<\/p>\n<p><input class=\"wpcf7-form-control wpcf7-submit has-spinner\" type=\"submit\" value=\"Enviar\" \/>\n<\/p><p style=\"display: none !important;\" class=\"akismet-fields-container\" data-prefix=\"_wpcf7_ak_\"><label>&#916;<textarea name=\"_wpcf7_ak_hp_textarea\" cols=\"45\" rows=\"8\" maxlength=\"100\"><\/textarea><\/label><input type=\"hidden\" id=\"ak_js_1\" name=\"_wpcf7_ak_js\" value=\"238\"\/><script>document.getElementById( \"ak_js_1\" ).setAttribute( \"value\", ( new Date() ).getTime() );<\/script><\/p><div class=\"wpcf7-response-output\" aria-hidden=\"true\"><\/div>\n<\/form>\n<\/div>\n\n","protected":false},"excerpt":{"rendered":"","protected":false},"author":3,"featured_media":600,"parent":0,"menu_order":0,"comment_status":"closed","ping_status":"closed","template":"","meta":{"jetpack_post_was_ever_published":false,"footnotes":""},"class_list":["post-300","page","type-page","status-publish","has-post-thumbnail","hentry"],"yoast_head":"<!-- This site is optimized with the Yoast SEO plugin v27.4 - https:\/\/yoast.com\/product\/yoast-seo-wordpress\/ -->\n<title>Contacto &#183; Tech-nico.com<\/title>\n<meta name=\"robots\" content=\"index, follow, max-snippet:-1, max-image-preview:large, max-video-preview:-1\" \/>\n<link rel=\"canonical\" href=\"http:\/\/www.tech-nico.com\/blog\/contacto\/\" \/>\n<meta property=\"og:locale\" content=\"es_ES\" \/>\n<meta property=\"og:type\" content=\"article\" \/>\n<meta property=\"og:title\" content=\"Contacto &#183; Tech-nico.com\" \/>\n<meta property=\"og:url\" content=\"http:\/\/www.tech-nico.com\/blog\/contacto\/\" \/>\n<meta property=\"og:site_name\" content=\"Tech-nico.com\" \/>\n<meta property=\"article:publisher\" content=\"http:\/\/www.facebook.com\/pages\/Tech-nico\/112469155508017\" \/>\n<meta property=\"article:modified_time\" content=\"2012-02-03T22:23:57+00:00\" \/>\n<meta property=\"og:image\" content=\"https:\/\/i0.wp.com\/www.tech-nico.com\/blog\/wp-content\/uploads\/2015\/05\/logo_tech_nico.com_.jpg?fit=1650%2C1400\" \/>\n\t<meta property=\"og:image:width\" content=\"1650\" \/>\n\t<meta property=\"og:image:height\" content=\"1400\" \/>\n\t<meta property=\"og:image:type\" content=\"image\/jpeg\" \/>\n<meta name=\"twitter:card\" content=\"summary_large_image\" \/>\n<meta name=\"twitter:site\" content=\"@nicolpo\" \/>\n<script type=\"application\/ld+json\" class=\"yoast-schema-graph\">{\"@context\":\"https:\\\/\\\/schema.org\",\"@graph\":[{\"@type\":\"WebPage\",\"@id\":\"http:\\\/\\\/www.tech-nico.com\\\/blog\\\/contacto\\\/\",\"url\":\"http:\\\/\\\/www.tech-nico.com\\\/blog\\\/contacto\\\/\",\"name\":\"Contacto &#183; Tech-nico.com\",\"isPartOf\":{\"@id\":\"http:\\\/\\\/www.tech-nico.com\\\/blog\\\/#website\"},\"primaryImageOfPage\":{\"@id\":\"http:\\\/\\\/www.tech-nico.com\\\/blog\\\/contacto\\\/#primaryimage\"},\"image\":{\"@id\":\"http:\\\/\\\/www.tech-nico.com\\\/blog\\\/contacto\\\/#primaryimage\"},\"thumbnailUrl\":\"https:\\\/\\\/i0.wp.com\\\/www.tech-nico.com\\\/blog\\\/wp-content\\\/uploads\\\/2015\\\/05\\\/logo_tech_nico.com_.jpg?fit=1650%2C1400\",\"datePublished\":\"2012-02-03T19:49:44+00:00\",\"dateModified\":\"2012-02-03T22:23:57+00:00\",\"breadcrumb\":{\"@id\":\"http:\\\/\\\/www.tech-nico.com\\\/blog\\\/contacto\\\/#breadcrumb\"},\"inLanguage\":\"es\",\"potentialAction\":[{\"@type\":\"ReadAction\",\"target\":[\"http:\\\/\\\/www.tech-nico.com\\\/blog\\\/contacto\\\/\"]}]},{\"@type\":\"ImageObject\",\"inLanguage\":\"es\",\"@id\":\"http:\\\/\\\/www.tech-nico.com\\\/blog\\\/contacto\\\/#primaryimage\",\"url\":\"https:\\\/\\\/i0.wp.com\\\/www.tech-nico.com\\\/blog\\\/wp-content\\\/uploads\\\/2015\\\/05\\\/logo_tech_nico.com_.jpg?fit=1650%2C1400\",\"contentUrl\":\"https:\\\/\\\/i0.wp.com\\\/www.tech-nico.com\\\/blog\\\/wp-content\\\/uploads\\\/2015\\\/05\\\/logo_tech_nico.com_.jpg?fit=1650%2C1400\",\"width\":1650,\"height\":1400},{\"@type\":\"BreadcrumbList\",\"@id\":\"http:\\\/\\\/www.tech-nico.com\\\/blog\\\/contacto\\\/#breadcrumb\",\"itemListElement\":[{\"@type\":\"ListItem\",\"position\":1,\"name\":\"Portada\",\"item\":\"http:\\\/\\\/www.tech-nico.com\\\/blog\\\/\"},{\"@type\":\"ListItem\",\"position\":2,\"name\":\"Contacto\"}]},{\"@type\":\"WebSite\",\"@id\":\"http:\\\/\\\/www.tech-nico.com\\\/blog\\\/#website\",\"url\":\"http:\\\/\\\/www.tech-nico.com\\\/blog\\\/\",\"name\":\"Tech-nico.com\",\"description\":\"Mikrotik \\\/ Ubiquiti \\\/ Programacion \\\/ Seguridad\",\"publisher\":{\"@id\":\"http:\\\/\\\/www.tech-nico.com\\\/blog\\\/#organization\"},\"potentialAction\":[{\"@type\":\"SearchAction\",\"target\":{\"@type\":\"EntryPoint\",\"urlTemplate\":\"http:\\\/\\\/www.tech-nico.com\\\/blog\\\/?s={search_term_string}\"},\"query-input\":{\"@type\":\"PropertyValueSpecification\",\"valueRequired\":true,\"valueName\":\"search_term_string\"}}],\"inLanguage\":\"es\"},{\"@type\":\"Organization\",\"@id\":\"http:\\\/\\\/www.tech-nico.com\\\/blog\\\/#organization\",\"name\":\"Tech-Nico.com\",\"url\":\"http:\\\/\\\/www.tech-nico.com\\\/blog\\\/\",\"logo\":{\"@type\":\"ImageObject\",\"inLanguage\":\"es\",\"@id\":\"http:\\\/\\\/www.tech-nico.com\\\/blog\\\/#\\\/schema\\\/logo\\\/image\\\/\",\"url\":\"https:\\\/\\\/i1.wp.com\\\/www.tech-nico.com\\\/blog\\\/wp-content\\\/uploads\\\/2015\\\/05\\\/logo_tech_nico.com_.jpg?fit=1650%2C1400\",\"contentUrl\":\"https:\\\/\\\/i1.wp.com\\\/www.tech-nico.com\\\/blog\\\/wp-content\\\/uploads\\\/2015\\\/05\\\/logo_tech_nico.com_.jpg?fit=1650%2C1400\",\"width\":1650,\"height\":1400,\"caption\":\"Tech-Nico.com\"},\"image\":{\"@id\":\"http:\\\/\\\/www.tech-nico.com\\\/blog\\\/#\\\/schema\\\/logo\\\/image\\\/\"},\"sameAs\":[\"http:\\\/\\\/www.facebook.com\\\/pages\\\/Tech-nico\\\/112469155508017\",\"https:\\\/\\\/x.com\\\/nicolpo\"]}]}<\/script>\n<!-- \/ Yoast SEO plugin. -->","yoast_head_json":{"title":"Contacto &#183; Tech-nico.com","robots":{"index":"index","follow":"follow","max-snippet":"max-snippet:-1","max-image-preview":"max-image-preview:large","max-video-preview":"max-video-preview:-1"},"canonical":"http:\/\/www.tech-nico.com\/blog\/contacto\/","og_locale":"es_ES","og_type":"article","og_title":"Contacto &#183; Tech-nico.com","og_url":"http:\/\/www.tech-nico.com\/blog\/contacto\/","og_site_name":"Tech-nico.com","article_publisher":"http:\/\/www.facebook.com\/pages\/Tech-nico\/112469155508017","article_modified_time":"2012-02-03T22:23:57+00:00","og_image":[{"width":1650,"height":1400,"url":"https:\/\/i0.wp.com\/www.tech-nico.com\/blog\/wp-content\/uploads\/2015\/05\/logo_tech_nico.com_.jpg?fit=1650%2C1400","type":"image\/jpeg"}],"twitter_card":"summary_large_image","twitter_site":"@nicolpo","schema":{"@context":"https:\/\/schema.org","@graph":[{"@type":"WebPage","@id":"http:\/\/www.tech-nico.com\/blog\/contacto\/","url":"http:\/\/www.tech-nico.com\/blog\/contacto\/","name":"Contacto &#183; Tech-nico.com","isPartOf":{"@id":"http:\/\/www.tech-nico.com\/blog\/#website"},"primaryImageOfPage":{"@id":"http:\/\/www.tech-nico.com\/blog\/contacto\/#primaryimage"},"image":{"@id":"http:\/\/www.tech-nico.com\/blog\/contacto\/#primaryimage"},"thumbnailUrl":"https:\/\/i0.wp.com\/www.tech-nico.com\/blog\/wp-content\/uploads\/2015\/05\/logo_tech_nico.com_.jpg?fit=1650%2C1400","datePublished":"2012-02-03T19:49:44+00:00","dateModified":"2012-02-03T22:23:57+00:00","breadcrumb":{"@id":"http:\/\/www.tech-nico.com\/blog\/contacto\/#breadcrumb"},"inLanguage":"es","potentialAction":[{"@type":"ReadAction","target":["http:\/\/www.tech-nico.com\/blog\/contacto\/"]}]},{"@type":"ImageObject","inLanguage":"es","@id":"http:\/\/www.tech-nico.com\/blog\/contacto\/#primaryimage","url":"https:\/\/i0.wp.com\/www.tech-nico.com\/blog\/wp-content\/uploads\/2015\/05\/logo_tech_nico.com_.jpg?fit=1650%2C1400","contentUrl":"https:\/\/i0.wp.com\/www.tech-nico.com\/blog\/wp-content\/uploads\/2015\/05\/logo_tech_nico.com_.jpg?fit=1650%2C1400","width":1650,"height":1400},{"@type":"BreadcrumbList","@id":"http:\/\/www.tech-nico.com\/blog\/contacto\/#breadcrumb","itemListElement":[{"@type":"ListItem","position":1,"name":"Portada","item":"http:\/\/www.tech-nico.com\/blog\/"},{"@type":"ListItem","position":2,"name":"Contacto"}]},{"@type":"WebSite","@id":"http:\/\/www.tech-nico.com\/blog\/#website","url":"http:\/\/www.tech-nico.com\/blog\/","name":"Tech-nico.com","description":"Mikrotik \/ Ubiquiti \/ Programacion \/ Seguridad","publisher":{"@id":"http:\/\/www.tech-nico.com\/blog\/#organization"},"potentialAction":[{"@type":"SearchAction","target":{"@type":"EntryPoint","urlTemplate":"http:\/\/www.tech-nico.com\/blog\/?s={search_term_string}"},"query-input":{"@type":"PropertyValueSpecification","valueRequired":true,"valueName":"search_term_string"}}],"inLanguage":"es"},{"@type":"Organization","@id":"http:\/\/www.tech-nico.com\/blog\/#organization","name":"Tech-Nico.com","url":"http:\/\/www.tech-nico.com\/blog\/","logo":{"@type":"ImageObject","inLanguage":"es","@id":"http:\/\/www.tech-nico.com\/blog\/#\/schema\/logo\/image\/","url":"https:\/\/i1.wp.com\/www.tech-nico.com\/blog\/wp-content\/uploads\/2015\/05\/logo_tech_nico.com_.jpg?fit=1650%2C1400","contentUrl":"https:\/\/i1.wp.com\/www.tech-nico.com\/blog\/wp-content\/uploads\/2015\/05\/logo_tech_nico.com_.jpg?fit=1650%2C1400","width":1650,"height":1400,"caption":"Tech-Nico.com"},"image":{"@id":"http:\/\/www.tech-nico.com\/blog\/#\/schema\/logo\/image\/"},"sameAs":["http:\/\/www.facebook.com\/pages\/Tech-nico\/112469155508017","https:\/\/x.com\/nicolpo"]}]}},"jetpack_sharing_enabled":true,"jetpack_shortlink":"https:\/\/wp.me\/PhA9Q-4Q","jetpack_likes_enabled":true,"jetpack-related-posts":[{"id":1181,"url":"http:\/\/www.tech-nico.com\/blog\/acerca-de-nosotros\/","url_meta":{"origin":300,"position":0},"title":"Acerca de Nosotros","author":"soporte","date":"mayo 22, 2025","format":false,"excerpt":"Desde nuestros inicios Somos una empresa especializada en soluciones de telecomunicaciones para ISPs, cooperativas y prestadores de servicios de Internet. Acompa\u00f1amos a nuestros clientes en el dise\u00f1o, implementaci\u00f3n y mantenimiento de redes robustas y escalables, adaptadas a sus necesidades. Contamos con m\u00e1s de 18 a\u00f1os de experiencia trabajando con tecnolog\u00edas\u2026","rel":"","context":"Entrada similar","block_context":{"text":"Entrada similar","link":""},"img":{"alt_text":"","src":"https:\/\/i0.wp.com\/www.tech-nico.com\/blog\/wp-content\/uploads\/2025\/05\/create-a-featured-image-that-showcases-a-dynamic-and-robust-5.png?fit=1024%2C768&resize=350%2C200","width":350,"height":200,"srcset":"https:\/\/i0.wp.com\/www.tech-nico.com\/blog\/wp-content\/uploads\/2025\/05\/create-a-featured-image-that-showcases-a-dynamic-and-robust-5.png?fit=1024%2C768&resize=350%2C200 1x, https:\/\/i0.wp.com\/www.tech-nico.com\/blog\/wp-content\/uploads\/2025\/05\/create-a-featured-image-that-showcases-a-dynamic-and-robust-5.png?fit=1024%2C768&resize=525%2C300 1.5x, https:\/\/i0.wp.com\/www.tech-nico.com\/blog\/wp-content\/uploads\/2025\/05\/create-a-featured-image-that-showcases-a-dynamic-and-robust-5.png?fit=1024%2C768&resize=700%2C400 2x"},"classes":[]}],"amp_enabled":true,"_links":{"self":[{"href":"http:\/\/www.tech-nico.com\/blog\/wp-json\/wp\/v2\/pages\/300","targetHints":{"allow":["GET"]}}],"collection":[{"href":"http:\/\/www.tech-nico.com\/blog\/wp-json\/wp\/v2\/pages"}],"about":[{"href":"http:\/\/www.tech-nico.com\/blog\/wp-json\/wp\/v2\/types\/page"}],"author":[{"embeddable":true,"href":"http:\/\/www.tech-nico.com\/blog\/wp-json\/wp\/v2\/users\/3"}],"replies":[{"embeddable":true,"href":"http:\/\/www.tech-nico.com\/blog\/wp-json\/wp\/v2\/comments?post=300"}],"version-history":[{"count":4,"href":"http:\/\/www.tech-nico.com\/blog\/wp-json\/wp\/v2\/pages\/300\/revisions"}],"predecessor-version":[{"id":304,"href":"http:\/\/www.tech-nico.com\/blog\/wp-json\/wp\/v2\/pages\/300\/revisions\/304"}],"wp:featuredmedia":[{"embeddable":true,"href":"http:\/\/www.tech-nico.com\/blog\/wp-json\/wp\/v2\/media\/600"}],"wp:attachment":[{"href":"http:\/\/www.tech-nico.com\/blog\/wp-json\/wp\/v2\/media?parent=300"}],"curies":[{"name":"wp","href":"https:\/\/api.w.org\/{rel}","templated":true}]}}