{"id":1181,"date":"2025-05-22T10:47:31","date_gmt":"2025-05-22T13:47:31","guid":{"rendered":"http:\/\/www.tech-nico.com\/blog\/?page_id=1181"},"modified":"2025-05-22T10:47:33","modified_gmt":"2025-05-22T13:47:33","slug":"acerca-de-nosotros","status":"publish","type":"page","link":"http:\/\/www.tech-nico.com\/blog\/acerca-de-nosotros\/","title":{"rendered":"Acerca de Nosotros"},"content":{"rendered":"<div id=\"advads-1323228833\" class=\"advads-antes-de-contenido advads-entity-placement\" style=\"float: left;\"><script async src=\"\/\/pagead2.googlesyndication.com\/pagead\/js\/adsbygoogle.js?client=ca-pub-0513087877342686\" crossorigin=\"anonymous\"><\/script><ins class=\"adsbygoogle\" style=\"display:block; text-align:center;\" data-ad-client=\"ca-pub-0513087877342686\" \ndata-ad-slot=\"6331524197\" \ndata-ad-layout=\"in-article\"\ndata-ad-format=\"fluid\"><\/ins>\n<script> \n(adsbygoogle = window.adsbygoogle || []).push({}); \n<\/script>\n<\/div><br style=\"clear: both; display: block; float: none;\"\/>\n<h3 class=\"wp-block-heading\">Desde nuestros inicios<\/h3>\n\n\n\n<p>Somos una empresa especializada en soluciones de telecomunicaciones para ISPs, cooperativas y prestadores de servicios de Internet. Acompa\u00f1amos a nuestros clientes en el dise\u00f1o, implementaci\u00f3n y mantenimiento de redes robustas y escalables, adaptadas a sus necesidades.<\/p><div id=\"advads-206371866\" class=\"advads-contenido-de-la-entrada advads-entity-placement\"><script async src=\"\/\/pagead2.googlesyndication.com\/pagead\/js\/adsbygoogle.js?client=ca-pub-0513087877342686\" crossorigin=\"anonymous\"><\/script><ins class=\"adsbygoogle\" style=\"display:block; text-align:center;\" data-ad-client=\"ca-pub-0513087877342686\" \ndata-ad-slot=\"6331524197\" \ndata-ad-layout=\"in-article\"\ndata-ad-format=\"fluid\"><\/ins>\n<script> \n(adsbygoogle = window.adsbygoogle || []).push({}); \n<\/script>\n<\/div>\n\n\n\n<p>Contamos con m\u00e1s de 18 a\u00f1os de experiencia trabajando con tecnolog\u00edas l\u00edderes del mercado como MikroTik, Ubiquiti, Huawei, TP-Link, entre otras. Nuestro equipo t\u00e9cnico est\u00e1 capacitado para realizar instalaciones en altura, montaje de m\u00e1stiles con radios sectoriales, enlaces punto a punto (P2P), as\u00ed como despliegues completos de redes FTTH y FTTn, desde cero.<\/p>\n\n\n\n<p>Hemos participado en la creaci\u00f3n de cabezales de ISP, configurando infraestructura cr\u00edtica y asegurando la calidad del servicio desde el n\u00facleo hasta el cliente final. Adem\u00e1s, desarrollamos nuestra propia plataforma de telemetr\u00eda en la nube, que integra APIs REST de MikroTik, Ubiquiti y tecnolog\u00edas de inteligencia artificial como ChatGPT, brindando soporte t\u00e9cnico proactivo, automatizaci\u00f3n y visibilidad en tiempo real.<\/p>\n\n\n\n<p>Nuestro compromiso es ofrecer soluciones eficientes, escalables y seguras, que permitan a nuestros clientes crecer con confianza y respaldo t\u00e9cnico constante.<\/p>\n","protected":false},"excerpt":{"rendered":"<p>Desde nuestros inicios Somos una empresa especializada en soluciones de telecomunicaciones para ISPs, cooperativas y prestadores de servicios de Internet. Acompa\u00f1amos a nuestros clientes en el dise\u00f1o, implementaci\u00f3n y mantenimiento de redes robustas y escalables, adaptadas a sus necesidades. Contamos &hellip; <a href=\"http:\/\/www.tech-nico.com\/blog\/acerca-de-nosotros\/\">Sigue leyendo <span class=\"meta-nav\">&rarr;<\/span><\/a><\/p>\n","protected":false},"author":3,"featured_media":1197,"parent":0,"menu_order":0,"comment_status":"closed","ping_status":"closed","template":"","meta":{"footnotes":""},"class_list":["post-1181","page","type-page","status-publish","has-post-thumbnail","hentry"],"yoast_head":"<!-- This site is optimized with the Yoast SEO plugin v27.6 - https:\/\/yoast.com\/product\/yoast-seo-wordpress\/ -->\n<title>Acerca de Nosotros &#183; Tech-nico.com<\/title>\n<meta name=\"robots\" content=\"index, follow, max-snippet:-1, max-image-preview:large, max-video-preview:-1\" \/>\n<link rel=\"canonical\" href=\"http:\/\/www.tech-nico.com\/blog\/acerca-de-nosotros\/\" \/>\n<meta property=\"og:locale\" content=\"es_ES\" \/>\n<meta property=\"og:type\" content=\"article\" \/>\n<meta property=\"og:title\" content=\"Acerca de Nosotros &#183; Tech-nico.com\" \/>\n<meta property=\"og:description\" content=\"Desde nuestros inicios Somos una empresa especializada en soluciones de telecomunicaciones para ISPs, cooperativas y prestadores de servicios de Internet. Acompa\u00f1amos a nuestros clientes en el dise\u00f1o, implementaci\u00f3n y mantenimiento de redes robustas y escalables, adaptadas a sus necesidades. Contamos &hellip; Sigue leyendo &rarr;\" \/>\n<meta property=\"og:url\" content=\"http:\/\/www.tech-nico.com\/blog\/acerca-de-nosotros\/\" \/>\n<meta property=\"og:site_name\" content=\"Tech-nico.com\" \/>\n<meta property=\"article:publisher\" content=\"http:\/\/www.facebook.com\/pages\/Tech-nico\/112469155508017\" \/>\n<meta property=\"article:modified_time\" content=\"2025-05-22T13:47:33+00:00\" \/>\n<meta property=\"og:image\" content=\"http:\/\/www.tech-nico.com\/blog\/wp-content\/uploads\/2025\/05\/create-a-featured-image-that-showcases-a-dynamic-and-robust-5.png\" \/>\n\t<meta property=\"og:image:width\" content=\"1024\" \/>\n\t<meta property=\"og:image:height\" content=\"768\" \/>\n\t<meta property=\"og:image:type\" content=\"image\/png\" \/>\n<meta name=\"twitter:card\" content=\"summary_large_image\" \/>\n<meta name=\"twitter:site\" content=\"@nicolpo\" \/>\n<meta name=\"twitter:label1\" content=\"Tiempo de lectura\" \/>\n\t<meta name=\"twitter:data1\" content=\"1 minuto\" \/>\n<script type=\"application\/ld+json\" class=\"yoast-schema-graph\">{\"@context\":\"https:\\\/\\\/schema.org\",\"@graph\":[{\"@type\":\"WebPage\",\"@id\":\"http:\\\/\\\/www.tech-nico.com\\\/blog\\\/acerca-de-nosotros\\\/\",\"url\":\"http:\\\/\\\/www.tech-nico.com\\\/blog\\\/acerca-de-nosotros\\\/\",\"name\":\"Acerca de Nosotros &#183; Tech-nico.com\",\"isPartOf\":{\"@id\":\"http:\\\/\\\/www.tech-nico.com\\\/blog\\\/#website\"},\"primaryImageOfPage\":{\"@id\":\"http:\\\/\\\/www.tech-nico.com\\\/blog\\\/acerca-de-nosotros\\\/#primaryimage\"},\"image\":{\"@id\":\"http:\\\/\\\/www.tech-nico.com\\\/blog\\\/acerca-de-nosotros\\\/#primaryimage\"},\"thumbnailUrl\":\"https:\\\/\\\/i0.wp.com\\\/www.tech-nico.com\\\/blog\\\/wp-content\\\/uploads\\\/2025\\\/05\\\/create-a-featured-image-that-showcases-a-dynamic-and-robust-5.png?fit=1024%2C768\",\"datePublished\":\"2025-05-22T13:47:31+00:00\",\"dateModified\":\"2025-05-22T13:47:33+00:00\",\"breadcrumb\":{\"@id\":\"http:\\\/\\\/www.tech-nico.com\\\/blog\\\/acerca-de-nosotros\\\/#breadcrumb\"},\"inLanguage\":\"es\",\"potentialAction\":[{\"@type\":\"ReadAction\",\"target\":[\"http:\\\/\\\/www.tech-nico.com\\\/blog\\\/acerca-de-nosotros\\\/\"]}]},{\"@type\":\"ImageObject\",\"inLanguage\":\"es\",\"@id\":\"http:\\\/\\\/www.tech-nico.com\\\/blog\\\/acerca-de-nosotros\\\/#primaryimage\",\"url\":\"https:\\\/\\\/i0.wp.com\\\/www.tech-nico.com\\\/blog\\\/wp-content\\\/uploads\\\/2025\\\/05\\\/create-a-featured-image-that-showcases-a-dynamic-and-robust-5.png?fit=1024%2C768\",\"contentUrl\":\"https:\\\/\\\/i0.wp.com\\\/www.tech-nico.com\\\/blog\\\/wp-content\\\/uploads\\\/2025\\\/05\\\/create-a-featured-image-that-showcases-a-dynamic-and-robust-5.png?fit=1024%2C768\",\"width\":1024,\"height\":768},{\"@type\":\"BreadcrumbList\",\"@id\":\"http:\\\/\\\/www.tech-nico.com\\\/blog\\\/acerca-de-nosotros\\\/#breadcrumb\",\"itemListElement\":[{\"@type\":\"ListItem\",\"position\":1,\"name\":\"Portada\",\"item\":\"http:\\\/\\\/www.tech-nico.com\\\/blog\\\/\"},{\"@type\":\"ListItem\",\"position\":2,\"name\":\"Acerca de Nosotros\"}]},{\"@type\":\"WebSite\",\"@id\":\"http:\\\/\\\/www.tech-nico.com\\\/blog\\\/#website\",\"url\":\"http:\\\/\\\/www.tech-nico.com\\\/blog\\\/\",\"name\":\"Tech-nico.com\",\"description\":\"Mikrotik \\\/ Ubiquiti \\\/ Programacion \\\/ Seguridad\",\"publisher\":{\"@id\":\"http:\\\/\\\/www.tech-nico.com\\\/blog\\\/#organization\"},\"potentialAction\":[{\"@type\":\"SearchAction\",\"target\":{\"@type\":\"EntryPoint\",\"urlTemplate\":\"http:\\\/\\\/www.tech-nico.com\\\/blog\\\/?s={search_term_string}\"},\"query-input\":{\"@type\":\"PropertyValueSpecification\",\"valueRequired\":true,\"valueName\":\"search_term_string\"}}],\"inLanguage\":\"es\"},{\"@type\":\"Organization\",\"@id\":\"http:\\\/\\\/www.tech-nico.com\\\/blog\\\/#organization\",\"name\":\"Tech-Nico.com\",\"url\":\"http:\\\/\\\/www.tech-nico.com\\\/blog\\\/\",\"logo\":{\"@type\":\"ImageObject\",\"inLanguage\":\"es\",\"@id\":\"http:\\\/\\\/www.tech-nico.com\\\/blog\\\/#\\\/schema\\\/logo\\\/image\\\/\",\"url\":\"https:\\\/\\\/i1.wp.com\\\/www.tech-nico.com\\\/blog\\\/wp-content\\\/uploads\\\/2015\\\/05\\\/logo_tech_nico.com_.jpg?fit=1650%2C1400\",\"contentUrl\":\"https:\\\/\\\/i1.wp.com\\\/www.tech-nico.com\\\/blog\\\/wp-content\\\/uploads\\\/2015\\\/05\\\/logo_tech_nico.com_.jpg?fit=1650%2C1400\",\"width\":1650,\"height\":1400,\"caption\":\"Tech-Nico.com\"},\"image\":{\"@id\":\"http:\\\/\\\/www.tech-nico.com\\\/blog\\\/#\\\/schema\\\/logo\\\/image\\\/\"},\"sameAs\":[\"http:\\\/\\\/www.facebook.com\\\/pages\\\/Tech-nico\\\/112469155508017\",\"https:\\\/\\\/x.com\\\/nicolpo\"]}]}<\/script>\n<!-- \/ Yoast SEO plugin. -->","yoast_head_json":{"title":"Acerca de Nosotros &#183; Tech-nico.com","robots":{"index":"index","follow":"follow","max-snippet":"max-snippet:-1","max-image-preview":"max-image-preview:large","max-video-preview":"max-video-preview:-1"},"canonical":"http:\/\/www.tech-nico.com\/blog\/acerca-de-nosotros\/","og_locale":"es_ES","og_type":"article","og_title":"Acerca de Nosotros &#183; Tech-nico.com","og_description":"Desde nuestros inicios Somos una empresa especializada en soluciones de telecomunicaciones para ISPs, cooperativas y prestadores de servicios de Internet. Acompa\u00f1amos a nuestros clientes en el dise\u00f1o, implementaci\u00f3n y mantenimiento de redes robustas y escalables, adaptadas a sus necesidades. Contamos &hellip; Sigue leyendo &rarr;","og_url":"http:\/\/www.tech-nico.com\/blog\/acerca-de-nosotros\/","og_site_name":"Tech-nico.com","article_publisher":"http:\/\/www.facebook.com\/pages\/Tech-nico\/112469155508017","article_modified_time":"2025-05-22T13:47:33+00:00","og_image":[{"width":1024,"height":768,"url":"http:\/\/www.tech-nico.com\/blog\/wp-content\/uploads\/2025\/05\/create-a-featured-image-that-showcases-a-dynamic-and-robust-5.png","type":"image\/png"}],"twitter_card":"summary_large_image","twitter_site":"@nicolpo","twitter_misc":{"Tiempo de lectura":"1 minuto"},"schema":{"@context":"https:\/\/schema.org","@graph":[{"@type":"WebPage","@id":"http:\/\/www.tech-nico.com\/blog\/acerca-de-nosotros\/","url":"http:\/\/www.tech-nico.com\/blog\/acerca-de-nosotros\/","name":"Acerca de Nosotros &#183; Tech-nico.com","isPartOf":{"@id":"http:\/\/www.tech-nico.com\/blog\/#website"},"primaryImageOfPage":{"@id":"http:\/\/www.tech-nico.com\/blog\/acerca-de-nosotros\/#primaryimage"},"image":{"@id":"http:\/\/www.tech-nico.com\/blog\/acerca-de-nosotros\/#primaryimage"},"thumbnailUrl":"https:\/\/i0.wp.com\/www.tech-nico.com\/blog\/wp-content\/uploads\/2025\/05\/create-a-featured-image-that-showcases-a-dynamic-and-robust-5.png?fit=1024%2C768","datePublished":"2025-05-22T13:47:31+00:00","dateModified":"2025-05-22T13:47:33+00:00","breadcrumb":{"@id":"http:\/\/www.tech-nico.com\/blog\/acerca-de-nosotros\/#breadcrumb"},"inLanguage":"es","potentialAction":[{"@type":"ReadAction","target":["http:\/\/www.tech-nico.com\/blog\/acerca-de-nosotros\/"]}]},{"@type":"ImageObject","inLanguage":"es","@id":"http:\/\/www.tech-nico.com\/blog\/acerca-de-nosotros\/#primaryimage","url":"https:\/\/i0.wp.com\/www.tech-nico.com\/blog\/wp-content\/uploads\/2025\/05\/create-a-featured-image-that-showcases-a-dynamic-and-robust-5.png?fit=1024%2C768","contentUrl":"https:\/\/i0.wp.com\/www.tech-nico.com\/blog\/wp-content\/uploads\/2025\/05\/create-a-featured-image-that-showcases-a-dynamic-and-robust-5.png?fit=1024%2C768","width":1024,"height":768},{"@type":"BreadcrumbList","@id":"http:\/\/www.tech-nico.com\/blog\/acerca-de-nosotros\/#breadcrumb","itemListElement":[{"@type":"ListItem","position":1,"name":"Portada","item":"http:\/\/www.tech-nico.com\/blog\/"},{"@type":"ListItem","position":2,"name":"Acerca de Nosotros"}]},{"@type":"WebSite","@id":"http:\/\/www.tech-nico.com\/blog\/#website","url":"http:\/\/www.tech-nico.com\/blog\/","name":"Tech-nico.com","description":"Mikrotik \/ Ubiquiti \/ Programacion \/ Seguridad","publisher":{"@id":"http:\/\/www.tech-nico.com\/blog\/#organization"},"potentialAction":[{"@type":"SearchAction","target":{"@type":"EntryPoint","urlTemplate":"http:\/\/www.tech-nico.com\/blog\/?s={search_term_string}"},"query-input":{"@type":"PropertyValueSpecification","valueRequired":true,"valueName":"search_term_string"}}],"inLanguage":"es"},{"@type":"Organization","@id":"http:\/\/www.tech-nico.com\/blog\/#organization","name":"Tech-Nico.com","url":"http:\/\/www.tech-nico.com\/blog\/","logo":{"@type":"ImageObject","inLanguage":"es","@id":"http:\/\/www.tech-nico.com\/blog\/#\/schema\/logo\/image\/","url":"https:\/\/i1.wp.com\/www.tech-nico.com\/blog\/wp-content\/uploads\/2015\/05\/logo_tech_nico.com_.jpg?fit=1650%2C1400","contentUrl":"https:\/\/i1.wp.com\/www.tech-nico.com\/blog\/wp-content\/uploads\/2015\/05\/logo_tech_nico.com_.jpg?fit=1650%2C1400","width":1650,"height":1400,"caption":"Tech-Nico.com"},"image":{"@id":"http:\/\/www.tech-nico.com\/blog\/#\/schema\/logo\/image\/"},"sameAs":["http:\/\/www.facebook.com\/pages\/Tech-nico\/112469155508017","https:\/\/x.com\/nicolpo"]}]}},"jetpack_sharing_enabled":true,"jetpack_shortlink":"https:\/\/wp.me\/PhA9Q-j3","jetpack_likes_enabled":true,"jetpack-related-posts":[],"amp_enabled":true,"_links":{"self":[{"href":"http:\/\/www.tech-nico.com\/blog\/wp-json\/wp\/v2\/pages\/1181","targetHints":{"allow":["GET"]}}],"collection":[{"href":"http:\/\/www.tech-nico.com\/blog\/wp-json\/wp\/v2\/pages"}],"about":[{"href":"http:\/\/www.tech-nico.com\/blog\/wp-json\/wp\/v2\/types\/page"}],"author":[{"embeddable":true,"href":"http:\/\/www.tech-nico.com\/blog\/wp-json\/wp\/v2\/users\/3"}],"replies":[{"embeddable":true,"href":"http:\/\/www.tech-nico.com\/blog\/wp-json\/wp\/v2\/comments?post=1181"}],"version-history":[{"count":1,"href":"http:\/\/www.tech-nico.com\/blog\/wp-json\/wp\/v2\/pages\/1181\/revisions"}],"predecessor-version":[{"id":1198,"href":"http:\/\/www.tech-nico.com\/blog\/wp-json\/wp\/v2\/pages\/1181\/revisions\/1198"}],"wp:featuredmedia":[{"embeddable":true,"href":"http:\/\/www.tech-nico.com\/blog\/wp-json\/wp\/v2\/media\/1197"}],"wp:attachment":[{"href":"http:\/\/www.tech-nico.com\/blog\/wp-json\/wp\/v2\/media?parent=1181"}],"curies":[{"name":"wp","href":"https:\/\/api.w.org\/{rel}","templated":true}]}}